{"id":109,"date":"2017-12-02T03:47:40","date_gmt":"2017-12-02T00:47:40","guid":{"rendered":"http:\/\/ccenter.ro\/en\/?page_id=109"},"modified":"2020-11-16T15:44:01","modified_gmt":"2020-11-16T12:44:01","slug":"magunkrol","status":"publish","type":"page","link":"http:\/\/ccenter.ro\/en\/magunkrol\/","title":{"rendered":"About us"},"content":{"rendered":"<p>[vc_row][vc_column css_animation=&#8221;none&#8221; width=&#8221;2\/3&#8243; css=&#8221;.vc_custom_1522620824216{border-top-width: 0px !important;border-right-width: 50px !important;border-left-width: 150px !important;padding-top: 50px !important;padding-right: 50px !important;padding-left: 120px !important;}&#8221;][vc_custom_heading source=&#8221;post_title&#8221; font_container=&#8221;tag:h1|text_align:left&#8221; use_theme_fonts=&#8221;yes&#8221; css_animation=&#8221;none&#8221;][vc_column_text]The Cultural Center of Harghita County is the successor of the House of Folk Creation of Harghita County, which was established in 1968. At present the Center is a specialized institution of the Harghita County Council, and functions as a separate legal entity. It is a scientific and methodological center of the cultural activities in Harghita county. The Institution helps the local governments\u2019 cultural work, as well as the local society\u2019s various cultural and public organizations. Its task is to collect, research, preserve and\u00a0 promote the County\u2019s cultural values and traditions.<\/p>\n<p>Beyond its role of a consultant, program organizer and supplier, our institution plays the role of a link between cultural institutions and civil organizations.[\/vc_column_text][vc_separator][vc_custom_heading text=&#8221;Manager&#8221; font_container=&#8221;tag:h1|text_align:left|color:%23bababa&#8221; google_fonts=&#8221;font_family:Raleway%3A100%2C200%2C300%2Cregular%2C500%2C600%2C700%2C800%2C900|font_style:900%20bold%20regular%3A900%3Anormal&#8221;][vc_wp_text]\n<h3><img loading=\"lazy\" class=\"size-thumbnail wp-image-194 alignleft\" src=\"http:\/\/ccenter.ro\/en\/wp-content\/uploads\/2017\/12\/ferencz-angela-150x150.jpg\" alt=\"\" width=\"150\" height=\"150\" srcset=\"http:\/\/ccenter.ro\/en\/wp-content\/uploads\/2017\/12\/ferencz-angela-150x150.jpg 150w, http:\/\/ccenter.ro\/en\/wp-content\/uploads\/2017\/12\/ferencz-angela-300x300.jpg 300w, http:\/\/ccenter.ro\/en\/wp-content\/uploads\/2017\/12\/ferencz-angela.jpg 336w\" sizes=\"(max-width: 150px) 100vw, 150px\" \/>Ang\u00e9la Ferencz<\/h3>\n<h4>manager<\/h4>\n<p><a href=\"ferenczangela@ccenter.ro\">E-mail<\/a>[\/vc_wp_text][vc_custom_heading text=&#8221;Team&#8221; font_container=&#8221;tag:h1|text_align:left|color:%23bababa&#8221; google_fonts=&#8221;font_family:Raleway%3A100%2C200%2C300%2Cregular%2C500%2C600%2C700%2C800%2C900|font_style:900%20bold%20regular%3A900%3Anormal&#8221; css=&#8221;.vc_custom_1551952229057{padding-bottom: 10px !important;}&#8221;][vc_row_inner css=&#8221;.vc_custom_1550064144285{margin-top: 10px !important;}&#8221;][vc_column_inner width=&#8221;1\/2&#8243;][vc_wp_text]\n<h3><img loading=\"lazy\" class=\"size-thumbnail wp-image-191 alignleft\" src=\"http:\/\/ccenter.ro\/en\/wp-content\/uploads\/2017\/12\/andras-jolan-150x150.jpg\" alt=\"\" width=\"150\" height=\"150\" srcset=\"http:\/\/ccenter.ro\/en\/wp-content\/uploads\/2017\/12\/andras-jolan-150x150.jpg 150w, http:\/\/ccenter.ro\/en\/wp-content\/uploads\/2017\/12\/andras-jolan-300x300.jpg 300w, http:\/\/ccenter.ro\/en\/wp-content\/uploads\/2017\/12\/andras-jolan.jpg 336w\" sizes=\"(max-width: 150px) 100vw, 150px\" \/><\/h3>\n<h3>Jol\u00e1n Andr\u00e1s<\/h3>\n<h4>rapporteur<\/h4>\n<p><a href=\"mailto:andrasjolan@ccenter.ro\">E-mail<\/a>[\/vc_wp_text][\/vc_column_inner][vc_column_inner width=&#8221;1\/2&#8243;][vc_wp_text]\n<h3><img loading=\"lazy\" class=\"alignnone size-thumbnail wp-image-190 alignleft\" src=\"http:\/\/ccenter.ro\/en\/wp-content\/uploads\/2017\/12\/adam-gyula-150x150.jpg\" alt=\"\" width=\"150\" height=\"150\" srcset=\"http:\/\/ccenter.ro\/en\/wp-content\/uploads\/2017\/12\/adam-gyula-150x150.jpg 150w, http:\/\/ccenter.ro\/en\/wp-content\/uploads\/2017\/12\/adam-gyula-300x300.jpg 300w, http:\/\/ccenter.ro\/en\/wp-content\/uploads\/2017\/12\/adam-gyula.jpg 336w\" sizes=\"(max-width: 150px) 100vw, 150px\" \/><\/h3>\n<h3>Gyula \u00c1d\u00e1m<\/h3>\n<h4>grafic artist<\/h4>\n<p><a href=\"adamgyula@ccenter.ro\">E-mail<\/a>[\/vc_wp_text][\/vc_column_inner][\/vc_row_inner][vc_row_inner][vc_column_inner width=&#8221;1\/2&#8243;][vc_wp_text]\n<h3><img loading=\"lazy\" class=\"wp-image-192 size-thumbnail alignleft\" src=\"http:\/\/ccenter.ro\/en\/wp-content\/uploads\/2017\/12\/botar-laszlo-150x150.jpg\" alt=\"\" width=\"150\" height=\"150\" srcset=\"http:\/\/ccenter.ro\/en\/wp-content\/uploads\/2017\/12\/botar-laszlo-150x150.jpg 150w, http:\/\/ccenter.ro\/en\/wp-content\/uploads\/2017\/12\/botar-laszlo-300x300.jpg 300w, http:\/\/ccenter.ro\/en\/wp-content\/uploads\/2017\/12\/botar-laszlo.jpg 336w\" sizes=\"(max-width: 150px) 100vw, 150px\" \/>L\u00e1szl\u00f3 Bot\u00e1r<\/h3>\n<h4>visual artist<\/h4>\n<p><a href=\"botarlaszlo@ccenter.ro\">E-mail<\/a>[\/vc_wp_text][\/vc_column_inner][vc_column_inner width=&#8221;1\/2&#8243;][vc_wp_text]\n<h3><img loading=\"lazy\" class=\"wp-image-193 size-thumbnail alignleft\" src=\"http:\/\/ccenter.ro\/en\/wp-content\/uploads\/2017\/12\/fazakas-gabriella-150x150.jpg\" alt=\"\" width=\"150\" height=\"150\" srcset=\"http:\/\/ccenter.ro\/en\/wp-content\/uploads\/2017\/12\/fazakas-gabriella-150x150.jpg 150w, http:\/\/ccenter.ro\/en\/wp-content\/uploads\/2017\/12\/fazakas-gabriella-300x300.jpg 300w, http:\/\/ccenter.ro\/en\/wp-content\/uploads\/2017\/12\/fazakas-gabriella.jpg 336w\" sizes=\"(max-width: 150px) 100vw, 150px\" \/>Gabriella Fazakas<\/h3>\n<h4>inspector<\/h4>\n<p><a href=\"mailto:fazakas.gabriella@hmkk.ro\">E-mail<\/a>[\/vc_wp_text][\/vc_column_inner][\/vc_row_inner][vc_row_inner][vc_column_inner width=&#8221;1\/2&#8243;][vc_wp_text]\n<h3><img loading=\"lazy\" class=\"alignleft wp-image-425 size-thumbnail\" src=\"http:\/\/ccenter.ro\/en\/wp-content\/uploads\/2018\/03\/photo_placeholder-150x150.png\" alt=\"\" width=\"150\" height=\"150\" \/>Lajos M\u00e1ria Franciska<\/h3>\n<h4>inspector<\/h4>\n<p><a href=\"mailto:hargitakultura@gmail.com\">E-mail<\/a>[\/vc_wp_text][\/vc_column_inner][vc_column_inner width=&#8221;1\/2&#8243;][vc_wp_text]\n<h3><img loading=\"lazy\" class=\"wp-image-243 size-thumbnail alignleft\" src=\"http:\/\/ccenter.ro\/en\/wp-content\/uploads\/2018\/02\/03-incze-laszlo-150x150.jpg\" alt=\"\" width=\"150\" height=\"150\" srcset=\"http:\/\/ccenter.ro\/en\/wp-content\/uploads\/2018\/02\/03-incze-laszlo-150x150.jpg 150w, http:\/\/ccenter.ro\/en\/wp-content\/uploads\/2018\/02\/03-incze-laszlo-300x300.jpg 300w, http:\/\/ccenter.ro\/en\/wp-content\/uploads\/2018\/02\/03-incze-laszlo.jpg 336w\" sizes=\"(max-width: 150px) 100vw, 150px\" \/>L\u00e1szl\u00f3 Incze<\/h3>\n<h4>rapporteur<\/h4>\n<p><a href=\"inczelaszlo@ccenter.ro\">E-mail<\/a>[\/vc_wp_text][\/vc_column_inner][\/vc_row_inner][vc_row_inner][vc_column_inner width=&#8221;1\/2&#8243;][vc_wp_text]\n<h3><img loading=\"lazy\" class=\"wp-image-1126 size-thumbnail alignleft\" src=\"http:\/\/ccenter.ro\/en\/wp-content\/uploads\/2019\/03\/eva-kicsi-2-150x150.jpg\" alt=\"\" width=\"150\" height=\"150\" \/>\u00c9va L\u00e1szl\u00f3<\/h3>\n<h4>inspector<\/h4>\n<p><a href=\"laszloeva@ccenter.ro\">E-mail<\/a>[\/vc_wp_text][\/vc_column_inner][vc_column_inner width=&#8221;1\/2&#8243;][vc_wp_text]\n<h3><img loading=\"lazy\" class=\"alignleft wp-image-1114 size-thumbnail\" src=\"http:\/\/ccenter.ro\/en\/wp-content\/uploads\/2019\/03\/Edit-kicsi-150x150.jpg\" alt=\"\" width=\"150\" height=\"150\" \/>Edit R\u00e1cz<\/h3>\n<h4>inspector<\/h4>\n<p><a href=\"raczedit@ccenter.ro\">E-mail<\/a>[\/vc_wp_text][\/vc_column_inner][\/vc_row_inner][vc_row_inner][vc_column_inner width=&#8221;1\/2&#8243;][vc_wp_text]\n<h3><img loading=\"lazy\" class=\"alignleft wp-image-425 size-thumbnail\" src=\"http:\/\/ccenter.ro\/en\/wp-content\/uploads\/2018\/03\/photo_placeholder-150x150.png\" alt=\"\" width=\"150\" height=\"150\" \/>Ramona Gabriela Triff<\/h3>\n<h4>inspector<\/h4>\n<p><a href=\"mailto:trifframona@ccenter.ro\">E-mail<\/a>[\/vc_wp_text][\/vc_column_inner][vc_column_inner width=&#8221;1\/2&#8243;][vc_wp_text]\n<h3><img loading=\"lazy\" class=\"alignleft wp-image-425 size-thumbnail\" src=\"http:\/\/ccenter.ro\/en\/wp-content\/uploads\/2018\/03\/photo_placeholder-150x150.png\" alt=\"\" width=\"150\" height=\"150\" \/>L\u00e1szl\u00f3 Bartalis-F\u00e1bi\u00e1n<\/h3>\n<h4>administrator<\/h4>\n<p><a href=\"mailto:bartalislaszlo@ccenter.ro\">E-mail<\/a>[\/vc_wp_text][\/vc_column_inner][\/vc_row_inner][\/vc_column][vc_column width=&#8221;1\/3&#8243; css=&#8221;.vc_custom_1550073176931{background-color: #efefef !important;}&#8221;]\n            <section class=\"lsvr-pressville-post-grid lsvr-pressville-post-grid--layout-title-top lsvr-pressville-post-grid--no-bg\"\n                >\n                <div class=\"lsvr-pressville-post-grid__inner\">\n                    <div class=\"lsvr-container\">\n                        <div class=\"lsvr-pressville-post-grid__content\">\n\n                                                            <header class=\"lsvr-pressville-post-grid__header\">\n\n                                                                            <h2 class=\"lsvr-pressville-post-grid__title\">Nemr\u00e9g \u00edrtuk<\/h2>\n                                    \n                                    \n                                    \n                                    \n                                <\/header>\n                            \n                            \n                                <div class=\"lsvr-pressville-post-grid__list-wrapper\">\n                                    <div class=\"lsvr-grid lsvr-grid--1-cols lsvr-pressville-post-grid__list lsvr-pressville-post-grid__list--3-items\"\n                                        data-columns-count=\"1\">\n\n                                        \n                                            <div class=\"lsvr-grid__col lsvr-grid__col--span-12 lsvr-pressville-post-grid__item\">\n\n                                                <article class=\"lsvr-pressville-post-grid__post post-1288 post type-post status-publish format-standard has-post-thumbnail hentry category-news\"                                                     style=\"background-image: url( http:\/\/ccenter.ro\/en\/wp-content\/uploads\/2026\/03\/nagybojti-hangverseny-cover-en-1024x450.jpg );\">\n                                                    <div class=\"lsvr-pressville-post-grid__post-inner\">\n                                                        <div class=\"lsvr-pressville-post-grid__post-bg\">\n\n                                                            <div class=\"lsvr-pressville-post-grid__post-content\">\n\n                                                                <h3 class=\"lsvr-pressville-post-grid__post-title\">\n                                                                    <a href=\"http:\/\/ccenter.ro\/en\/haydns-seven-last-words-of-christ-special-presentation\/\" class=\"lsvr-pressville-post-grid__post-title-link\" rel=\"bookmark\">Haydn&#039;s The Seven Last Words of Christ - Special Presentation<\/a>\n                                                                <\/h3>\n\n                                                                <p class=\"lsvr-pressville-post-grid__post-meta\">\n                                                                    <time class=\"lsvr-pressville-post-grid__post-meta-date\" datetime=\"2026-03-17T15:51:22+03:00\">2026-03-17<\/time>\n                                                                    <span class=\"lsvr-pressville-post-grid__post-meta-categories\">\n\t\t\t<span class=\"post__categories\">\n\t\t\t\tin <a href=\"http:\/\/ccenter.ro\/en\/category\/news\/\" class=\"post__category-link\">News<\/a>\t\t\t<\/span>\n\n\t\t<\/span>\n                                                                <\/p>\n\n                                                            <\/div>\n\n                                                            <a href=\"http:\/\/ccenter.ro\/en\/haydns-seven-last-words-of-christ-special-presentation\/\" class=\"lsvr-pressville-post-grid__post-overlay-link\">\n                                                                <span class=\"screen-reader-text\">More<\/span>\n                                                            <\/a>\n\n                                                        <\/div>\n                                                    <\/div>\n                                                <\/article>\n\n                                            <\/div>\n\n                                        \n                                            <div class=\"lsvr-grid__col lsvr-grid__col--span-12 lsvr-pressville-post-grid__item\">\n\n                                                <article class=\"lsvr-pressville-post-grid__post post-1280 post type-post status-publish format-standard has-post-thumbnail hentry category-news\"                                                     style=\"background-image: url( http:\/\/ccenter.ro\/en\/wp-content\/uploads\/2025\/06\/Regizene_FB_cover_2025-1-1024x537.jpg );\">\n                                                    <div class=\"lsvr-pressville-post-grid__post-inner\">\n                                                        <div class=\"lsvr-pressville-post-grid__post-bg\">\n\n                                                            <div class=\"lsvr-pressville-post-grid__post-content\">\n\n                                                                <h3 class=\"lsvr-pressville-post-grid__post-title\">\n                                                                    <a href=\"http:\/\/ccenter.ro\/en\/miercurea-ciuc-early-music-festival-5-13-iulie-2025\/\" class=\"lsvr-pressville-post-grid__post-title-link\" rel=\"bookmark\">Miercurea Ciuc Early Music Festival      5\u201313 iulie 2025<\/a>\n                                                                <\/h3>\n\n                                                                <p class=\"lsvr-pressville-post-grid__post-meta\">\n                                                                    <time class=\"lsvr-pressville-post-grid__post-meta-date\" datetime=\"2025-06-26T09:18:01+03:00\">2025-06-26<\/time>\n                                                                    <span class=\"lsvr-pressville-post-grid__post-meta-categories\">\n\t\t\t<span class=\"post__categories\">\n\t\t\t\tin <a href=\"http:\/\/ccenter.ro\/en\/category\/news\/\" class=\"post__category-link\">News<\/a>\t\t\t<\/span>\n\n\t\t<\/span>\n                                                                <\/p>\n\n                                                            <\/div>\n\n                                                            <a href=\"http:\/\/ccenter.ro\/en\/miercurea-ciuc-early-music-festival-5-13-iulie-2025\/\" class=\"lsvr-pressville-post-grid__post-overlay-link\">\n                                                                <span class=\"screen-reader-text\">More<\/span>\n                                                            <\/a>\n\n                                                        <\/div>\n                                                    <\/div>\n                                                <\/article>\n\n                                            <\/div>\n\n                                        \n                                            <div class=\"lsvr-grid__col lsvr-grid__col--span-12 lsvr-pressville-post-grid__item\">\n\n                                                <article class=\"lsvr-pressville-post-grid__post post-1276 post type-post status-publish format-standard has-post-thumbnail hentry category-news\"                                                     style=\"background-image: url( http:\/\/ccenter.ro\/en\/wp-content\/uploads\/2025\/05\/cover-Bach3-1024x536.jpg );\">\n                                                    <div class=\"lsvr-pressville-post-grid__post-inner\">\n                                                        <div class=\"lsvr-pressville-post-grid__post-bg\">\n\n                                                            <div class=\"lsvr-pressville-post-grid__post-content\">\n\n                                                                <h3 class=\"lsvr-pressville-post-grid__post-title\">\n                                                                    <a href=\"http:\/\/ccenter.ro\/en\/bach-340-3-sonatas\/\" class=\"lsvr-pressville-post-grid__post-title-link\" rel=\"bookmark\">BACH 340.3. \u2013 Sonatas<\/a>\n                                                                <\/h3>\n\n                                                                <p class=\"lsvr-pressville-post-grid__post-meta\">\n                                                                    <time class=\"lsvr-pressville-post-grid__post-meta-date\" datetime=\"2025-05-12T12:00:31+03:00\">2025-05-12<\/time>\n                                                                    <span class=\"lsvr-pressville-post-grid__post-meta-categories\">\n\t\t\t<span class=\"post__categories\">\n\t\t\t\tin <a href=\"http:\/\/ccenter.ro\/en\/category\/news\/\" class=\"post__category-link\">News<\/a>\t\t\t<\/span>\n\n\t\t<\/span>\n                                                                <\/p>\n\n                                                            <\/div>\n\n                                                            <a href=\"http:\/\/ccenter.ro\/en\/bach-340-3-sonatas\/\" class=\"lsvr-pressville-post-grid__post-overlay-link\">\n                                                                <span class=\"screen-reader-text\">More<\/span>\n                                                            <\/a>\n\n                                                        <\/div>\n                                                    <\/div>\n                                                <\/article>\n\n                                            <\/div>\n\n                                        \n                                    <\/div>\n                                <\/div>\n\n                            \n                                                            <footer class=\"lsvr-pressville-post-grid__footer\">\n                                    <p class=\"lsvr-pressville-post-grid__more lsvr-pressville-post-grid__more--bottom\">\n                                                                                    <a href=\"http:\/\/ccenter.ro\/en\/category\/news\/\" class=\"c-button lsvr-pressville-post-grid__more-link\">Tov\u00e1bb<\/a>\n                                                                            <\/p>\n                                <\/footer>\n                            \n                        <\/div>\n                    <\/div>\n                <\/div>\n            <\/section>\n\n            \n            <section class=\"lsvr-pressville-post-grid lsvr-pressville-post-grid--layout-title-top lsvr-pressville-post-grid--no-bg\"\n                >\n                <div class=\"lsvr-pressville-post-grid__inner\">\n                    <div class=\"lsvr-container\">\n                        <div class=\"lsvr-pressville-post-grid__content\">\n\n                                                            <header class=\"lsvr-pressville-post-grid__header\">\n\n                                                                            <h2 class=\"lsvr-pressville-post-grid__title\">Friss vide\u00f3ink<\/h2>\n                                    \n                                    \n                                    \n                                    \n                                <\/header>\n                            \n                            \n                                <div class=\"lsvr-pressville-post-grid__list-wrapper\">\n                                    <div class=\"lsvr-grid lsvr-grid--1-cols lsvr-pressville-post-grid__list lsvr-pressville-post-grid__list--1-items\"\n                                        data-columns-count=\"1\">\n\n                                        \n                                            <div class=\"lsvr-grid__col lsvr-grid__col--span-12 lsvr-pressville-post-grid__item\">\n\n                                                <article class=\"lsvr-pressville-post-grid__post post-456 post type-post status-publish format-standard has-post-thumbnail hentry category-video\"                                                     style=\"background-image: url( http:\/\/ccenter.ro\/en\/wp-content\/uploads\/2018\/03\/videoteka_farsang-1024x565.png );\">\n                                                    <div class=\"lsvr-pressville-post-grid__post-inner\">\n                                                        <div class=\"lsvr-pressville-post-grid__post-bg\">\n\n                                                            <div class=\"lsvr-pressville-post-grid__post-content\">\n\n                                                                <h3 class=\"lsvr-pressville-post-grid__post-title\">\n                                                                    <a href=\"http:\/\/ccenter.ro\/en\/xxv-hargita-megyei-farsangbucsuztato-2017-februar-25-szentegyhaza\/\" class=\"lsvr-pressville-post-grid__post-title-link\" rel=\"bookmark\">XXV. Hargita Megyei Farsangb\u00facs\u00faztat\u00f3 | 2017. febru\u00e1r 25., Szentegyh\u00e1za<\/a>\n                                                                <\/h3>\n\n                                                                <p class=\"lsvr-pressville-post-grid__post-meta\">\n                                                                    <time class=\"lsvr-pressville-post-grid__post-meta-date\" datetime=\"2018-03-08T22:57:25+03:00\">2018-03-08<\/time>\n                                                                    <span class=\"lsvr-pressville-post-grid__post-meta-categories\">\n\t\t\t<span class=\"post__categories\">\n\t\t\t\tin <a href=\"http:\/\/ccenter.ro\/en\/category\/video\/\" class=\"post__category-link\">video<\/a>\t\t\t<\/span>\n\n\t\t<\/span>\n                                                                <\/p>\n\n                                                            <\/div>\n\n                                                            <a href=\"http:\/\/ccenter.ro\/en\/xxv-hargita-megyei-farsangbucsuztato-2017-februar-25-szentegyhaza\/\" class=\"lsvr-pressville-post-grid__post-overlay-link\">\n                                                                <span class=\"screen-reader-text\">More<\/span>\n                                                            <\/a>\n\n                                                        <\/div>\n                                                    <\/div>\n                                                <\/article>\n\n                                            <\/div>\n\n                                        \n                                    <\/div>\n                                <\/div>\n\n                            \n                                                            <footer class=\"lsvr-pressville-post-grid__footer\">\n                                    <p class=\"lsvr-pressville-post-grid__more lsvr-pressville-post-grid__more--bottom\">\n                                                                                    <a href=\"http:\/\/ccenter.ro\/en\/category\/video\/\" class=\"c-button lsvr-pressville-post-grid__more-link\">Tov\u00e1bb<\/a>\n                                                                            <\/p>\n                                <\/footer>\n                            \n                        <\/div>\n                    <\/div>\n                <\/div>\n            <\/section>\n\n            \n            <section class=\"lsvr-pressville-post-grid lsvr-pressville-post-grid--layout-title-top lsvr-pressville-post-grid--no-bg\"\n                >\n                <div class=\"lsvr-pressville-post-grid__inner\">\n                    <div class=\"lsvr-container\">\n                        <div class=\"lsvr-pressville-post-grid__content\">\n\n                            \n                                <p class=\"c-alert-message\">There are no events<\/p>\n\n                            \n                        <\/div>\n                    <\/div>\n                <\/div>\n            <\/section>\n\n            [\/vc_column][\/vc_row]\n","protected":false},"excerpt":{"rendered":"<p>[vc_row][vc_column css_animation=&#8221;none&#8221; width=&#8221;2\/3&#8243; css=&#8221;.vc_custom_1522620824216{border-top-width: 0px !important;border-right-width: 50px !important;border-left-width: 150px !important;padding-top: 50px !important;padding-right: 50px !important;padding-left: 120px !important;}&#8221;][vc_custom_heading source=&#8221;post_title&#8221; font_container=&#8221;tag:h1|text_align:left&#8221; use_theme_fonts=&#8221;yes&#8221; css_animation=&#8221;none&#8221;][vc_column_text]The Cultural Center of Harghita County is the successor of the House of Folk Creation of Harghita County, which was established in 1968. At present the Center is a specialized institution of the Harghita County Council, [&hellip;]<\/p>\n","protected":false},"author":1,"featured_media":0,"parent":0,"menu_order":0,"comment_status":"closed","ping_status":"closed","template":"page-templates\/fullwidth-without-title.php","meta":[],"_links":{"self":[{"href":"http:\/\/ccenter.ro\/en\/wp-json\/wp\/v2\/pages\/109"}],"collection":[{"href":"http:\/\/ccenter.ro\/en\/wp-json\/wp\/v2\/pages"}],"about":[{"href":"http:\/\/ccenter.ro\/en\/wp-json\/wp\/v2\/types\/page"}],"author":[{"embeddable":true,"href":"http:\/\/ccenter.ro\/en\/wp-json\/wp\/v2\/users\/1"}],"replies":[{"embeddable":true,"href":"http:\/\/ccenter.ro\/en\/wp-json\/wp\/v2\/comments?post=109"}],"version-history":[{"count":128,"href":"http:\/\/ccenter.ro\/en\/wp-json\/wp\/v2\/pages\/109\/revisions"}],"predecessor-version":[{"id":1160,"href":"http:\/\/ccenter.ro\/en\/wp-json\/wp\/v2\/pages\/109\/revisions\/1160"}],"wp:attachment":[{"href":"http:\/\/ccenter.ro\/en\/wp-json\/wp\/v2\/media?parent=109"}],"curies":[{"name":"wp","href":"https:\/\/api.w.org\/{rel}","templated":true}]}}