{"id":258,"date":"2018-02-26T23:05:47","date_gmt":"2018-02-26T20:05:47","guid":{"rendered":"http:\/\/ccenter.ro\/en\/?page_id=258"},"modified":"2019-07-19T11:07:27","modified_gmt":"2019-07-19T08:07:27","slug":"kozerdeku-informaciok","status":"publish","type":"page","link":"http:\/\/ccenter.ro\/en\/kozerdeku-informaciok\/","title":{"rendered":"Information of general interest"},"content":{"rendered":"<p>[vc_row][vc_column][vc_tta_accordion][vc_tta_section i_type=&#8221;material&#8221; i_icon_material=&#8221;vc-material vc-material-chat_bubble_outline&#8221; add_icon=&#8221;true&#8221; title=&#8221;On Free Access to Public Information 544\/2001 Law&#8221; tab_id=&#8221;1519675993582-63578d98-f8f5&#8243;][vc_column_text]<a href=\"http:\/\/ccenter.ro\/ro\/wp-content\/uploads\/2019\/02\/1.-ROF1.pdf\">1. Regulamentul de organizare \u015fi func\u0163ionare al Centrului Cultural Jude\u0163ean Harghita<\/a><br \/>\n<a href=\"http:\/\/ccenter.ro\/ro\/wp-content\/uploads\/2019\/03\/organigramma-2016.pdf\">2. Structura organizatoric\u0103 al Centrului Cultural Jude\u0163ean Harghita<\/a><br \/>\n<a href=\"http:\/\/ccenter.ro\/ro\/wp-content\/uploads\/2019\/02\/3.-disp-119-buget.pdf\">3. Bugetul de venituri \u015fi cheltuieli al Centrului Cultural Jude\u0163ean Harghita pe anul 2018<\/a> \u2013 Dispozitia Consiliului Jude\u0163ean Harghita nr. 119\/2018<br \/>\nCheltuielile curente \u015fi de capital ale Centrului se finan\u0163eaz\u0103 din subven\u0163ii acordate de la bugetul jude\u0163ului Harghita, din venituri proprii \u015fi din venituri din afara bugetului, adic\u0103 proiecte culturale.<br \/>\nVeniturile proprii provin din sus\u0163inerea cursului de fotograf, venituri din chirie sal\u0103 \u015fi din valorificare de c\u0103r\u0163i.<br \/>\n<a href=\"http:\/\/ccenter.ro\/ro\/wp-content\/uploads\/2019\/02\/4.-bilant-31.12.2018.pdf\">4. Bilan\u0163ul contabil pe anul 2017 al Centrului Cultural Jude\u0163ean Harghita<\/a><br \/>\n<a href=\"http:\/\/ccenter.ro\/ro\/wp-content\/uploads\/2019\/02\/5.-lista-programe-2018.pdf\">5. Lista programelor culturale ale Centrului Cultural Jude\u0163ean Harghita pe anul 2018<\/a><br \/>\n6. Programul de func\u0163ionare: Luni \u2013 Vineri \u00eentre orele 8.00 \u2013 16.00<br \/>\n7. Numele \u015fi prenumele persoanelor din conducere al Centrului Cultural Jude\u0163ean Harghita<br \/>\nD-na Ferencz Ang\u00e9la \u2013 Manager al Centrului Cultural Jude\u0163ean Harghita<br \/>\n8. Date de contact ale institu\u0163iei:<br \/>\nCentrul Cultural Jude\u0163ean Harghita<br \/>\n530102 Miercurea-Ciuc, Bld. Timi\u015foarei nr. 4.<br \/>\nTel: 0040266-372044, 0040-0746-244235<br \/>\nFax: 0040266-315891<br \/>\nE-mail: kultura@ccenter.ro<br \/>\nPagin\u0103 web: www.ccenter.ro<br \/>\n9. Modalit\u0103\u0163ile de contestare a deciziei autorit\u0103\u0163ii sau a institu\u0163iei publice \u00een situa\u0163ia \u00een care persoana se consider\u0103 v\u0103t\u0103mat\u0103 \u00een privin\u0163a dreptului de acces la informa\u0163iile de interes public solicitate:<br \/>\n\u00cempotriva refuzului prev\u0103zut la art. 21, alin. 1 Legea nr. 544\/2011, se poate depune reclama\u0163ie la conduc\u0103torul autorit\u0103\u0163ii sau institu\u0163iei respective \u00een terme de 30 de zile de la luarea la cuno\u0219tin\u0163\u0103 de c\u0103tre persoana lezat\u0103. Dac\u0103 dup\u0103 cercetarea administrativ\u0103 reclama\u0163ia se dovede\u015fte \u00eentemeiat\u0103, r\u0103spunsul se transmite persoanei lezate \u00een termen de 15 zile de la depunerea reclama\u0163iei \u015fi va con\u0163ine at\u00e2t informa\u0163iile de interes public solicitate ini\u0163ial, c\u00e2t \u015fi men\u0163ionarea sanc\u0163iunilor disciplinare luate \u00eempotriva celui vinovat.<br \/>\n\u00cen conformitate cu art. 22, alin 1 din lege, \u00een cazul \u00een care o persoan\u0103 se consider\u0103 v\u0103t\u0103mat\u0103 \u00een drepturile sale, prev\u0103zute \u00een prezenta lege, aceasta poate face pl\u00e2ngere la sec\u0163ia de contencios administrativ a tribunalului \u00een a c\u0103rei raz\u0103 teritorial\u0103 domiciliaz\u0103 sau \u00een a c\u0103rei raz\u0103 teritorial\u0103 se afl\u0103 sediul autorit\u0103\u0163ii ori al institu\u0163iei publice.<br \/>\nPl\u00e2ngerea se face \u00een termen de 30 de zile de la data expir\u0103rii termenului prev\u0103zut la Art. 7 din Legea Nr. 544\/2011 cu modific\u0103rile \u015fi complet\u0103rile ulterioare.<br \/>\nHot\u0103r\u00e2rea instan\u0163ei de contencios \u2013 administrativ poate fi atacat\u0103 prin recurs la Curtea de Apel. Decizia Cur\u0163ii de apel r\u0103m\u00e2ne definitiv\u0103 \u015fi irevocabil\u0103.<br \/>\n<a href=\"http:\/\/ccenter.ro\/ro\/wp-content\/uploads\/2019\/02\/10.-raport2016-2017.pdf\">10. Raport de activitate 2017<\/a><br \/>\n11. Strategia cultural\u0103 a jude\u021bului Harghita<br \/>\n<a href=\"http:\/\/ccenter.ro\/ro\/wp-content\/uploads\/2019\/03\/2013szept_1_Strategie-culturala_partea-11.pdf\">Partea I. Situa\u021bia actual\u0103<\/a><br \/>\n<a href=\"http:\/\/ccenter.ro\/ro\/wp-content\/uploads\/2019\/03\/2013szept_2_Strategie-culturala_partea-2.pdf\">Partea II. Propuneri de dezvoltare \/1<\/a><br \/>\n<a href=\"http:\/\/ccenter.ro\/ro\/wp-content\/uploads\/2019\/03\/2013szept_3_Strategie-culturala_partea-3.pdf\">Partea II. Propuneri de dezvoltare \/2<\/a><br \/>\n<a href=\"http:\/\/ccenter.ro\/ro\/wp-content\/uploads\/2019\/03\/2013szept_4_Strategie-culturala_partea-4.pdf\">Partea III. Bibliografie, anexe<\/a><br \/>\n<a href=\"http:\/\/ccenter.ro\/ro\/wp-content\/uploads\/2019\/02\/12.-transparenta-salariala-30-sept.2018.jpg\">12. Transparenta veniturilor salariale conform Legea cadru nr.153\/2017 art. 33 alin.1<\/a><br \/>\nResponsabili in leg\u0103tur\u0103 cu difuzarea informa\u021biilor publice sunt: Ang\u00e9la Ferencz manager \u0219i \u00c9va L\u00e1szl\u00f3 inspector de specialitate.[\/vc_column_text][\/vc_tta_section][vc_tta_section i_type=&#8221;material&#8221; i_icon_material=&#8221;vc-material vc-material-account_balance&#8221; add_icon=&#8221;true&#8221; title=&#8221;Rules and Laws&#8221; tab_id=&#8221;1519675342877-00dffc71-2eca&#8221;][vc_column_text]\n<div class=\"vc_tta-panel-body\">\n<div class=\"wpb_text_column wpb_content_element \">\n<div class=\"wpb_wrapper\">\n<p><a href=\"http:\/\/old.ccenter.ro\/userfiles\/files\/Instructiuni%20creatori%20arhiva.pdf\">Instructiuni<\/a> privind activitatea de arhiva la creatorii si detinatorii de documente, aprobate de conducerea Arhivelor Nationale prin Ordinul de zi nr.217\/23 mai 1996<br \/>\n<a href=\"http:\/\/old.ccenter.ro\/userfiles\/files\/oug%2034din%202006.doc\">OUG nr. 34\/2006<\/a> privind atribuirea contractelor de achizi\u0163ie public\u0103, a contractelor de concesiune de lucr\u0103ri publice \u015fi a contractelor de concesiune de servicii<br \/>\n<a href=\"http:\/\/old.ccenter.ro\/userfiles\/files\/LEGE%20319-2006%20.pdf\">Legea nr. 319\/2006<\/a> a securitatii si sanatatii in munca<br \/>\n<a href=\"http:\/\/old.ccenter.ro\/userfiles\/files\/lege%20307%20din%202006(1).pdf\">Legea nr.307\/2006<\/a> privind apararea impotriva incendiilor<br \/>\n<a href=\"http:\/\/old.ccenter.ro\/userfiles\/files\/lege%20215%20din%202001(1).pdf\">Legea nr. 215 din 23 aprilie 2001<\/a> Legea administra\u0163iei publice locale, republicat\u0103 \u00een M. O. nr. 123 din 20 februarie 2007<br \/>\n<a href=\"http:\/\/old.ccenter.ro\/userfiles\/files\/HG1301din2009.doc\">HOT\u0102R\u00c2RE Nr. 1301<\/a> din 28 octombrie 2009 pentru aprobarea Regulamentului-cadru de organizare \u015fi desf\u0103\u015furare a concursului de proiecte de management. Regulamentului-cadru de organizare \u015fi desf\u0103\u015furare a evalu\u0103rii managementului, modelului-cadru al caietului de obiective, modelului-cadru al raportului de activitate, precum \u015fi modelului-cadru recomandat pentru contractele de management, pentru institu\u0163iile publice de cultur\u0103.<br \/>\n<a href=\"http:\/\/old.ccenter.ro\/userfiles\/files\/Legea26din2008.doc\">LEGE Nr. 26 din 29 februarie 2008<\/a> privind protejarea patrimoniului cultural imaterial.<br \/>\n<a href=\"http:\/\/old.ccenter.ro\/userfiles\/files\/Legea182din2000republicata.doc\">LEGE Nr. 182 din 25 octombrie 2000<\/a> privind protejarea patrimoniului cultural na\u0163ional mobil, republicat\u0103.<br \/>\n<a href=\"http:\/\/old.ccenter.ro\/userfiles\/files\/Legea238din2010.doc\">LEGE Nr. 238 din 7 decembrie 2010<\/a> privind declararea zilei de 15 ianuarie Ziua Culturii Na\u0163ionale.<br \/>\n<a href=\"http:\/\/old.ccenter.ro\/userfiles\/files\/OG51din1998ModificatAprobat.doc\">ORDONAN\u0162\u0102 Nr. 51 din 11 august 1998<\/a> privind \u00eembun\u0103t\u0103\u0163irea sistemului de finan\u0163are a programelor, proiectelor \u015fi ac\u0163iunilor cultural.<br \/>\n<a href=\"http:\/\/old.ccenter.ro\/userfiles\/files\/OG68din1994.doc\">ORDONAN\u0162\u0102 Nr. 68 din 26 august 1994<\/a> privind protejarea patrimoniului cultural na\u0163ional<br \/>\n<a href=\"http:\/\/old.ccenter.ro\/userfiles\/files\/OMCC2193din2004.doc\">ORDIN Nr. 2193 din 17 martie 2004<\/a> pentru aprobarea regulamentelor-cadru de organizare \u015fi func\u0163ionare a a\u015fez\u0103mintelor culturale<br \/>\n<a href=\"http:\/\/old.ccenter.ro\/userfiles\/files\/OMCC2883din2003.doc\">ORDIN Nr. 2883 din 15 decembrie 2003<\/a> pentru aprobarea Normelor metodologice privind desf\u0103\u015furarea activit\u0103\u0163ilor specifice a\u015fez\u0103mintelor cultural<br \/>\n<a href=\"http:\/\/old.ccenter.ro\/userfiles\/files\/OMCP2231din2011.doc\">ORDIN Nr. 2231 din 7 aprilie 2011<\/a> pentru aprobarea Normelor metodologice privind organizarea \u015fi func\u0163ionarea comisiilor, procedura de selec\u0163ie a programelor, proiectelor \u015fi ac\u0163iunilor culturale \u00een vederea acord\u0103rii de finan\u0163\u0103ri nerambursabile din Fondul Cultural Na\u0163ional, precum \u015fi de solu\u0163ionare a contesta\u0163iilor.<br \/>\n<a href=\"http:\/\/old.ccenter.ro\/userfiles\/files\/OMCPN2132din2011.doc\">ORDIN Nr. 2132 din 9 martie 2011<\/a> pentru aprobarea Criteriilor privind aplicarea prevederilor cap. VI lit. B din anexa nr. IV la Legea-cadru nr. 284\/2010 privind salarizarea unitar\u0103 a personalului pl\u0103tit din fonduri publice.<br \/>\n<a href=\"http:\/\/old.ccenter.ro\/userfiles\/files\/OMDRT1327din2011.doc\">ORDIN Nr. 1327 din 13 aprilie 2011<\/a> pentru aprobarea Normelor metodologice privind derularea Programului prioritar na\u0163ional pentru construirea de sedii pentru a\u015fez\u0103minte culturale \u00een localit\u0103\u0163ile unde nu exist\u0103 asemenea institu\u0163ii, precum \u015fi pentru reabilitarea, modernizarea, dotarea \u015fi finalizarea lucr\u0103rilor de construc\u0163ie a a\u015fez\u0103mintelor culturale de drept public din mediul rural \u015fi mic urban \u2013 obiectivul finalizarea lucr\u0103rilor de construc\u0163ie \u015fi dotarea a\u015fez\u0103mintelor culturale din mediul rural \u015fi mic urban, realizat prin Compania Na\u0163ional\u0103 de Investi\u0163ii \u201eC.N.I.\u201d \u2013 S.A.<br \/>\n<a href=\"http:\/\/old.ccenter.ro\/userfiles\/files\/OUG118din2006Modificat.doc\">ORDONAN\u0162\u0102 DE URGEN\u0162\u0102 Nr. 118 din 21 decembrie 2006<\/a> privind \u00eenfiin\u0163area, organizarea \u015fi desf\u0103\u015furarea activit\u0103\u0163ii a\u015fez\u0103mintelor culturale.<br \/>\n<a href=\"http:\/\/old.ccenter.ro\/userfiles\/files\/OUG189din2008Actualizat.doc\">ORDONAN\u0162\u0102 DE URGEN\u0162\u0102 Nr. 189 din 25 noiembrie 2008<\/a> privind managementul institu\u0163iilor publice de cultur\u0103.<\/p>\n<p><a href=\"http:\/\/old.ccenter.ro\/userfiles\/files\/Cod%20de%20conduita%20contractual.pdf\">Lege nr. 477 din 08\/11\/2004 privind codul de conduit\u0103 a personalului contractual din autorit\u0103\u021bile \u015fi institu\u021biile publice.<\/a><\/p>\n<\/div>\n<\/div>\n<\/div>\n<p>Regulation <a href=\"https:\/\/eur-lex.europa.eu\/legal-content\/EN\/TXT\/?uri=uriserv%3AOJ.L_.2016.119.01.0001.01.ENG&amp;toc=OJ%3AL%3A2016%3A119%3ATOC\">(EU) 2016\/679<\/a> of the European Parliament and of the Council of 27 April 2016 on the protection of natural persons with regard to the processing of personal data and on the free movement<\/p>\n<p><a href=\"http:\/\/ccenter.ro\/hu\/wp-content\/uploads\/2019\/07\/ACORD-DE-PRELUCRARE-DATE-CU-CARACTER-PERSONAL.docx\">Acord \u0219i informare privind prelucrarea datelor cu caracter personal.<\/a><\/p>\n<div class=\"vc_tta-panel-body\">\n<div class=\"wpb_text_column wpb_content_element \">\n<div class=\"wpb_wrapper\">\n<p><a href=\"http:\/\/ccenter.ro\/ro\/wp-content\/uploads\/2019\/02\/1.-ROF1.pdf\">Regulamentul de organizare si functionare al Centrului Cultural Jude\u0163ean Harghita<\/a><\/p>\n<\/div>\n<\/div>\n<\/div>\n<p>[\/vc_column_text][\/vc_tta_section][vc_tta_section i_type=&#8221;material&#8221; i_icon_material=&#8221;vc-material vc-material-border_color&#8221; add_icon=&#8221;true&#8221; title=&#8221;Adult Professional Education&#8221; tab_id=&#8221;1519675417559-25bbcb86-9ea0&#8243;][vc_column_text]\n<div class=\"vc_tta-panel-body\">\n<div class=\"wpb_text_column wpb_content_element \">\n<div class=\"wpb_wrapper\">\n<p><a href=\"http:\/\/old.ccenter.ro\/userfiles\/files\/OMM501din2003.doc\">ORDIN Nr. 501\/5253 din 8 octombrie 2003<\/a> pentru aprobarea Metodologiei certific\u0103rii form\u0103rii profesionale a adul\u0163ilor.<\/p>\n<p><a href=\"http:\/\/old.ccenter.ro\/userfiles\/files\/HG522din2003.doc\">HOT\u0102R\u00c2RE Nr. 522 din 8 mai 2003<\/a> pentru aprobarea Normelor metodologice de aplicare a prevederilor Ordonan\u0163ei Guvernului nr. 129\/2000 privind formarea profesional\u0103 a adul\u0163ilor.<\/p>\n<p><a href=\"http:\/\/old.ccenter.ro\/userfiles\/files\/OD129din2000Republicat.doc\">ORDONAN\u0162\u0102 Nr. 129 din 31 august 2000<\/a> Republicat\u0103 privind formarea profesional\u0103 a adul\u0163ilor.<\/p>\n<\/div>\n<\/div>\n<\/div>\n<p>[\/vc_column_text][\/vc_tta_section][\/vc_tta_accordion][\/vc_column][\/vc_row]\n","protected":false},"excerpt":{"rendered":"<p>[vc_row][vc_column][vc_tta_accordion][vc_tta_section i_type=&#8221;material&#8221; i_icon_material=&#8221;vc-material vc-material-chat_bubble_outline&#8221; add_icon=&#8221;true&#8221; title=&#8221;On Free Access to Public Information 544\/2001 Law&#8221; tab_id=&#8221;1519675993582-63578d98-f8f5&#8243;][vc_column_text]1. Regulamentul de organizare \u015fi func\u0163ionare al Centrului Cultural Jude\u0163ean Harghita 2. Structura organizatoric\u0103 al Centrului Cultural Jude\u0163ean Harghita 3. Bugetul de venituri \u015fi cheltuieli al Centrului Cultural Jude\u0163ean Harghita pe anul 2018 \u2013 Dispozitia Consiliului Jude\u0163ean Harghita nr. 119\/2018 Cheltuielile curente [&hellip;]<\/p>\n","protected":false},"author":1,"featured_media":0,"parent":0,"menu_order":0,"comment_status":"closed","ping_status":"closed","template":"page-templates\/sidebar-left.php","meta":[],"_links":{"self":[{"href":"http:\/\/ccenter.ro\/en\/wp-json\/wp\/v2\/pages\/258"}],"collection":[{"href":"http:\/\/ccenter.ro\/en\/wp-json\/wp\/v2\/pages"}],"about":[{"href":"http:\/\/ccenter.ro\/en\/wp-json\/wp\/v2\/types\/page"}],"author":[{"embeddable":true,"href":"http:\/\/ccenter.ro\/en\/wp-json\/wp\/v2\/users\/1"}],"replies":[{"embeddable":true,"href":"http:\/\/ccenter.ro\/en\/wp-json\/wp\/v2\/comments?post=258"}],"version-history":[{"count":12,"href":"http:\/\/ccenter.ro\/en\/wp-json\/wp\/v2\/pages\/258\/revisions"}],"predecessor-version":[{"id":1134,"href":"http:\/\/ccenter.ro\/en\/wp-json\/wp\/v2\/pages\/258\/revisions\/1134"}],"wp:attachment":[{"href":"http:\/\/ccenter.ro\/en\/wp-json\/wp\/v2\/media?parent=258"}],"curies":[{"name":"wp","href":"https:\/\/api.w.org\/{rel}","templated":true}]}}