{"id":287,"date":"2018-02-26T23:35:26","date_gmt":"2018-02-26T20:35:26","guid":{"rendered":"http:\/\/ccenter.ro\/en\/?page_id=287"},"modified":"2019-03-07T14:06:43","modified_gmt":"2019-03-07T11:06:43","slug":"fotos-programok","status":"publish","type":"page","link":"http:\/\/ccenter.ro\/en\/fotos-programok\/","title":{"rendered":"Photo programs"},"content":{"rendered":"<p>[vc_row][vc_column][vc_tta_tour][vc_tta_section title=&#8221;Photo camps&#8221; tab_id=&#8221;1522785162608-b29ec1b4-52ff&#8221;][vc_column_text]The Cultural Center of Harghita County organizes annual photo camps, mainly in the settlements of the county but also in other parts of the region.<br \/>\nOur camps are intended to immortalize the ethnographic and architectural values, the image of the village that is changing and the everyday lives of the village people.<br \/>\nDuring a photo camp, 10-12 professional photographers walk along the streets of a village, they get in touch with the inhabitants, and with their consent and often their guidance, the photographers try to take pictures capturing them during their ordinary and festive activities. The invited artists are renowned photographers from Romania and Hungary. The artistic leader of the camps is Gyula \u00c1d\u00e1m, the photographer of our institution and internationally recognized artist.<br \/>\nOur partners were the Mayor\u2019s Offices and the local non-governamental organizations of the host community.<br \/>\nThe material produced in the photo camps is presented in exhibitions and publications.<\/p>\n<p><strong>Camps:<\/strong><br \/>\n2018 \u2013 Media\u0219<br \/>\n2017 \u2013 S\u00e2ndominic<br \/>\n2016 \u2013 Cri\u0219eni<br \/>\n2015 \u2013 Cri\u0219eni<br \/>\n2015 \u2013 Ciucs\u00e2ngeorgiu<br \/>\n2015 \u2013 C\u00e2r\u021ba<br \/>\n2014 \u2013 Remetea<br \/>\n2013 \u2013 Media\u0219<br \/>\n2012 \u2013 P\u0103s\u0103reni<br \/>\n2012 \u2013 Mere\u0219ti<br \/>\n2011 \u2013 Sibiu<br \/>\n2011 \u2013 Mere\u0219ti<br \/>\n2010 \u2013 <a href=\"https:\/\/issuu.com\/adamgyula\/docs\/ka\">Misentea<\/a><br \/>\n2010 \u2013 M\u0103d\u0103ra\u0219<br \/>\n2010 \u2013 Ciumani<br \/>\n2009 \u2013 S\u00e2ndominic<br \/>\n2009 \u2013 Jimbor<br \/>\n2009 \u2013 Fundul R\u0103c\u0103ciuni<br \/>\n2008 \u2013 Pustiana<br \/>\n2008 \u2013 L\u0103z\u0103re\u0219ti<br \/>\n2008 \u2013 D\u0103ne\u0219ti<br \/>\n2007 \u2013 Remetea<br \/>\n2007 \u2013 Pl\u0103ie\u0219ii de Jos<br \/>\n2007 \u2013 Ocna Sibiu<br \/>\n2007 \u2013 Gheorgheni<br \/>\n2007 \u2013 Dealu<br \/>\n2007 \u2013 Arm\u0103\u0219eni<br \/>\n2006 \u2013 Joseni<br \/>\n2006 \u2013 Comuna C\u00e2r\u021ba<br \/>\n2005 \u2013 Atid<br \/>\n2004 \u2013 Valea Ghime\u0219ului<br \/>\n2004 \u2013 Miercurea Ciuc<br \/>\n2003 \u2013 Borsec<br \/>\n2002 \u2013 V\u0103r\u0219ag[\/vc_column_text][vc_gallery type=&#8221;image_grid&#8221; images=&#8221;745,746,960,964,965,963,962,961&#8243;][\/vc_tta_section][vc_tta_section title=&#8221;Phototraining&#8221; tab_id=&#8221;1522785162618-fe14993a-d717&#8243;][vc_gallery type=&#8221;image_grid&#8221; images=&#8221;748,937,936,780&#8243;][vc_column_text]\n<h3><strong>Accredited photography course <\/strong><\/h3>\n<p>The 80-hour accredited photography course includes theory and mostly practice; its target group is both beginners and experienced photographers. The only one condition to participate is to own a camera.<\/p>\n<p>The teachers are professional photographers of national and international reputation: Gyula \u00c1d\u00e1m, El\u0151d Erd\u00e9ly B\u00e1lint, Attila Moln\u00e1r, N\u00e1ndor Veres.<\/p>\n<p><strong>The main topics of the course include:<\/strong><\/p>\n<p>History of photography, history of photography in Transylvania, techniques, genres of photography, event photography, photo shooting in studio with models and object, photo processing with special softwares, image aesthetic analysis.<\/p>\n<p>During the ten years from 2009 until 2018, there were 15 groups with 220 people taking part in the course. The participants gained the basic skills, knowledge and the practice to enter the labor market as photographers.<\/p>\n<p>Some of them have improved in their hobby, now taking photos more consciously and having more satisfaction in it.<\/p>\n<p>&nbsp;[\/vc_column_text][\/vc_tta_section][vc_tta_section title=&#8221;Photo exhibitions&#8221; tab_id=&#8221;1550504187865-359ebc9e-dba5&#8243;][vc_row_inner][vc_column_inner width=&#8221;1\/2&#8243;][vc_column_text]Throughout the year we organise several photo exhibitions in this region and in other parts of Transylvania, from the photos realized in the photo camps and also from the rich collection of the institution accumulated in the previous years.[\/vc_column_text][\/vc_column_inner][vc_column_inner width=&#8221;1\/2&#8243;][vc_single_image image=&#8221;753&#8243; img_size=&#8221;full&#8221;][\/vc_column_inner][\/vc_row_inner][\/vc_tta_section][\/vc_tta_tour][\/vc_column][\/vc_row]\n","protected":false},"excerpt":{"rendered":"<p>[vc_row][vc_column][vc_tta_tour][vc_tta_section title=&#8221;Photo camps&#8221; tab_id=&#8221;1522785162608-b29ec1b4-52ff&#8221;][vc_column_text]The Cultural Center of Harghita County organizes annual photo camps, mainly in the settlements of the county but also in other parts of the region. Our camps are intended to immortalize the ethnographic and architectural values, the image of the village that is changing and the everyday lives of the village people. [&hellip;]<\/p>\n","protected":false},"author":1,"featured_media":288,"parent":0,"menu_order":0,"comment_status":"closed","ping_status":"closed","template":"page-templates\/narrow.php","meta":[],"_links":{"self":[{"href":"http:\/\/ccenter.ro\/en\/wp-json\/wp\/v2\/pages\/287"}],"collection":[{"href":"http:\/\/ccenter.ro\/en\/wp-json\/wp\/v2\/pages"}],"about":[{"href":"http:\/\/ccenter.ro\/en\/wp-json\/wp\/v2\/types\/page"}],"author":[{"embeddable":true,"href":"http:\/\/ccenter.ro\/en\/wp-json\/wp\/v2\/users\/1"}],"replies":[{"embeddable":true,"href":"http:\/\/ccenter.ro\/en\/wp-json\/wp\/v2\/comments?post=287"}],"version-history":[{"count":19,"href":"http:\/\/ccenter.ro\/en\/wp-json\/wp\/v2\/pages\/287\/revisions"}],"predecessor-version":[{"id":1088,"href":"http:\/\/ccenter.ro\/en\/wp-json\/wp\/v2\/pages\/287\/revisions\/1088"}],"wp:featuredmedia":[{"embeddable":true,"href":"http:\/\/ccenter.ro\/en\/wp-json\/wp\/v2\/media\/288"}],"wp:attachment":[{"href":"http:\/\/ccenter.ro\/en\/wp-json\/wp\/v2\/media?parent=287"}],"curies":[{"name":"wp","href":"https:\/\/api.w.org\/{rel}","templated":true}]}}