{"id":322,"date":"2018-02-27T00:04:15","date_gmt":"2018-02-26T21:04:15","guid":{"rendered":"http:\/\/ccenter.ro\/en\/?page_id=322"},"modified":"2019-03-17T15:58:47","modified_gmt":"2019-03-17T12:58:47","slug":"kiadvanyok","status":"publish","type":"page","link":"http:\/\/ccenter.ro\/en\/kiadvanyok\/","title":{"rendered":"Publications"},"content":{"rendered":"<p>[vc_row][vc_column][vc_column_text]The publications of our Institution appear in the series of Cultural Center of Harghita County &#8211; Books (HMKK-K\u00f6nyvek).<\/p>\n<p>\u2022 Ang\u00e9la Ferecz (editor): Traditional Nutrition in Seklerland, 2002<\/p>\n<p>\u2022 M\u00e1ria Sz\u00e1sz-Mih\u00e1lyk\u00f3: My Folk-Theatre. History of Folk-Theatre of Odorheiu-Secuiesc.<\/p>\n<p>\u2022 Zolt\u00e1n A. Bir\u00f3 \u2013 Csilla Zsigmond: Seklerland in Numbers, 2005<\/p>\n<p>\u2022 Zolt\u00e1n A. Bir\u00f3 \u2013 Bod\u00f3 Julianna (editors): Culture \u2013 Area &#8211; Expertise, 2006<\/p>\n<p>\u2022 S\u00e1ndor Ol\u00e1h (editor): Area and Culture, 2006<\/p>\n<p>\u2022 Ang\u00e9la Ferencz (editor): Rural Culture Houses in Harghita County, 2006<\/p>\n<p>\u2022 Piroska Kov\u00e1cs: Legacy of our Ancestors. Cadastre of Sekler-Ports of the Odorhei-Region CD, 2007<\/p>\n<p>Photo-albums<br \/>\n\u2022 Shingle-Land. Sz\u00e9kelyvars\u00e1g in Pictures, Gyula \u00c1d\u00e1m (editor), 2002<\/p>\n<p>\u2022 Saunter \u2013 Borsec and Its Region, Gyula \u00c1d\u00e1m (editor), 2003<\/p>\n<p>\u2022 Imprint of a Town, Gyula \u00c1d\u00e1m (editor), 2004<\/p>\n<p>\u2022 Pictures from the Valley of Ghime\u0219, Gyula \u00c1d\u00e1m, G\u00e1bor Cseke (editors), 2005<\/p>\n<p>\u2022 Arcpo\u00e9tika, Gyula \u00c1d\u00e1m (editor), 2006<\/p>\n<p>\u2022 Hundred Years Lights, Gyula \u00c1d\u00e1m, G\u00e1bor Cseke (editors), 2007<\/p>\n<p>\u2022 Ode to Remetea, Gyula \u00c1d\u00e1m, Gy\u00f6rgy Bajna (editors), 2007<\/p>\n<p>\u2022 1st Photo Biennial of Seklerland, 2013<\/p>\n<p>\u2022 2nd Photo Biennial of Seklerland, 2015<\/p>\n<p>\u2022 3rd Photo Biennial of Seklerland, 2017<\/p>\n<p>\u2022 The Roma Community from the Perspective of Visual Arts 2017[\/vc_column_text][\/vc_column][\/vc_row]\n","protected":false},"excerpt":{"rendered":"<p>[vc_row][vc_column][vc_column_text]The publications of our Institution appear in the series of Cultural Center of Harghita County &#8211; Books (HMKK-K\u00f6nyvek). \u2022 Ang\u00e9la Ferecz (editor): Traditional Nutrition in Seklerland, 2002 \u2022 M\u00e1ria Sz\u00e1sz-Mih\u00e1lyk\u00f3: My Folk-Theatre. History of Folk-Theatre of Odorheiu-Secuiesc. \u2022 Zolt\u00e1n A. Bir\u00f3 \u2013 Csilla Zsigmond: Seklerland in Numbers, 2005 \u2022 Zolt\u00e1n A. Bir\u00f3 \u2013 Bod\u00f3 Julianna [&hellip;]<\/p>\n","protected":false},"author":1,"featured_media":436,"parent":0,"menu_order":0,"comment_status":"closed","ping_status":"closed","template":"","meta":[],"_links":{"self":[{"href":"http:\/\/ccenter.ro\/en\/wp-json\/wp\/v2\/pages\/322"}],"collection":[{"href":"http:\/\/ccenter.ro\/en\/wp-json\/wp\/v2\/pages"}],"about":[{"href":"http:\/\/ccenter.ro\/en\/wp-json\/wp\/v2\/types\/page"}],"author":[{"embeddable":true,"href":"http:\/\/ccenter.ro\/en\/wp-json\/wp\/v2\/users\/1"}],"replies":[{"embeddable":true,"href":"http:\/\/ccenter.ro\/en\/wp-json\/wp\/v2\/comments?post=322"}],"version-history":[{"count":7,"href":"http:\/\/ccenter.ro\/en\/wp-json\/wp\/v2\/pages\/322\/revisions"}],"predecessor-version":[{"id":1123,"href":"http:\/\/ccenter.ro\/en\/wp-json\/wp\/v2\/pages\/322\/revisions\/1123"}],"wp:featuredmedia":[{"embeddable":true,"href":"http:\/\/ccenter.ro\/en\/wp-json\/wp\/v2\/media\/436"}],"wp:attachment":[{"href":"http:\/\/ccenter.ro\/en\/wp-json\/wp\/v2\/media?parent=322"}],"curies":[{"name":"wp","href":"https:\/\/api.w.org\/{rel}","templated":true}]}}