{"id":437,"date":"2018-03-08T21:07:31","date_gmt":"2018-03-08T18:07:31","guid":{"rendered":"http:\/\/ccenter.ro\/en\/?page_id=437"},"modified":"2020-12-07T00:05:58","modified_gmt":"2020-12-06T21:05:58","slug":"projektek","status":"publish","type":"page","link":"http:\/\/ccenter.ro\/en\/projektek\/","title":{"rendered":"Projects"},"content":{"rendered":"<p>[vc_row][vc_column][vc_tta_tour][vc_tta_section title=&#8221;EEA Grant Project&#8221; tab_id=&#8221;norvegprojekt&#8221;][vc_single_image image=&#8221;803&#8243; img_size=&#8221;full&#8221; alignment=&#8221;center&#8221;][vc_single_image image=&#8221;378&#8243; img_size=&#8221;medium&#8221; alignment=&#8221;center&#8221;][vc_column_text]<strong>The Roma Community from the Perspective of Visual Arts<\/strong><\/p>\n<p>The project targets the social need for enhancing intercultural dialogue and European identity protection by understanding cultural diversity. The project had the goal of raising awareness about these issues through documentary films and photos.<\/p>\n<p>The project encompasses two documentary films and two photo camps in Harghita County.<\/p>\n<p>In 2015 we realized the two documentary films and two photo camps, which show us, in a realistic way, the lifestyle, the habits, the traditions, the crafts and the coexistence with the locals of the Roma population in two villages.<\/p>\n<p>The general objective of the project was to encourage the cultural dialogue through the understanding of cultural diversity. The specific aims were to promote a better understanding of cultural diversity and to consolidate the intercultural dialogue, including the Roma minority culture.<\/p>\n<p>We reached these aims in an innovative way, by organizing documentary presentations and photo exhibitions followed by round table discussions in the villages where the documentaries are set: Cri\u0219eni and Ciucs\u00e2ngeorgiu.<\/p>\n<p>The project was realized within the framework of the <a href=\"http:\/\/www.fonduri-diversitate.ro\/\">Promotion of Diversity in Culture and Arts within European Cultural Heritage Program<\/a> and was funded by <a href=\"https:\/\/www.eeagrants.ro\/\">EEA Grants.<\/a><\/p>\n<p><strong>Documentaries:<\/strong><\/p>\n<p><strong>ANG\u00c9LA<\/strong><\/p>\n<p>Directed by Botond-Csaba P\u00fcs\u00f6k (Spot film)<\/p>\n<p>33 min<\/p>\n<p><a href=\"https:\/\/www.youtube.com\/watch?v=CSrDEhSLjjc&amp;index=19&amp;list=UUd73beNAih-pImk2D4Rbm2Q\">Trailer<\/a><\/p>\n<p><a href=\"https:\/\/www.youtube.com\/watch?v=MwPsaTGK6ZI\">Interview<\/a><\/p>\n<p>Awards:<\/p>\n<p>2016<\/p>\n<p>International Documentary Film Festival&nbsp; ASTRA , Romania \u2013 best direction<\/p>\n<p>Docuart Fest, Romania \u2013 best direction<\/p>\n<p>Mediawave International Film Festival, Hungary \u2013 best film in the category \u201dON THE ROAD\u201d online festival, Audience Awards<\/p>\n<p>Verzi\u00f3 International Human Rights Documentary Film Festival, Hungary<\/p>\n<p>2017<\/p>\n<p>Filmtettfeszt \u2013 Hungarian Film Days \u2013 3. Filmgalopp \u2013 shared prize<\/p>\n<p>2018<\/p>\n<p>KAPT\u00c1R \u2013 Documentary Film Retrospective \u2013 First prize<\/p>\n<p><strong>CRI\u0218ENI: FRIDAY\u2013SUNDAY<\/strong><\/p>\n<p>Directed by Katalin Dacz\u00f3 and Gy\u00f6rgy Bersz\u00e1n-\u00c1rus (Rubin St\u00fadi\u00f3)<\/p>\n<p>48 min<\/p>\n<p><a href=\"https:\/\/www.youtube.com\/watch?v=kA8_FSQ9me4&amp;list=UUd73beNAih-pImk2D4Rbm2Q&amp;index=17\">Trailer<\/a><\/p>\n<p>Awards:<\/p>\n<p>2017<\/p>\n<p>\u201dWekerlei C\u00e9g\u00e9r\u201d Film Festival \u2013 first prize<\/p>\n<p><strong>Photo Camps<\/strong><\/p>\n<p>The photo camp in Ciucs\u00e2ngeorgiu was held between 26\u201329th October, while the camp from Atid village took place between 9 \u201312th November. The photographers invited to the camp in Ciucs\u00e2ngeorgiu included Zsigmond B\u00e1lint (T\u00eergu Mure\u0219), Gyula Both (T\u00eergu Mure\u0219), L\u00e1szl\u00f3 Attila Kov\u00e1cs (Sf\u00e2ntu Gheorghe), El\u0151d Erd\u00e9ly B\u00e1lint (Odorheiu Secuiesc), Hunor Magyari (Odorheiu Secuiesc), Vajk Istv\u00e1n Szigeti (Miercurea Ciuc). The photographers invited to the camp in Atid included Zsigmond B\u00e1lint (T\u00eergu Mure\u0219), Ede Tordai (T\u00eergu Mure\u0219), L\u00e1szl\u00f3 Incze (Miercurea Ciuc), Csongor Mikl\u00f3s (Miercurea Ciuc), Rafael T\u00f6r\u00f6k (Miercurea Ciuc) and B\u00e9la K\u00e1sa (Hungary). The artistic director of the photo camps was Gyula \u00c1d\u00e1m photographer.<\/p>\n<p>From the material of the photo camps we realized a calendar for the year 2016, postcards and photo exhibitions in the two villages. The documentaries were presented in these villages, the presentations being followed by professional round table discussion.<\/p>\n<p>Publication realized from the photos: <a href=\"https:\/\/issuu.com\/hargita_kultura\/docs\/catalog_comunitatea_romilor_prin\">https:\/\/issuu.com\/hargita_kultura\/docs\/catalog_comunitatea_romilor_prin<\/a><\/p>\n<p>The project closing event took place at the County Council on 8th April 2016, on the International Roma Day, with the presentation of the films and a photo exhibition, promoting the Roma ethnic heritage and Roma culture.<\/p>\n<p>The continuity of the project is assured through the films and photo exibitions which are presented from time to time in different communities at events all around the county and in other regions as well.[\/vc_column_text][\/vc_tta_section][vc_tta_section title=&#8221;CreArt&#8221; tab_id=&#8221;creart-projekt&#8221;][vc_single_image image=&#8221;805&#8243; img_size=&#8221;full&#8221;][vc_column_text]<strong>The name of the project:<\/strong> CreaArt (Network of Cities for Artistic Creation)<\/p>\n<p>The project was supported by the European <strong>Cultura Programme 2007\u20132013<\/strong>.<\/p>\n<p><strong>Project period:<\/strong> 2012\u20132017<\/p>\n<p><strong>Sustainability period of the project:<\/strong> 2017\u20132022<\/p>\n<p><strong>Project coordinator:<\/strong> Municipality of Valladolid (Spain)<\/p>\n<p>The partners were from 14 cities of the following countries: Spain, Romania, Italy, the Netherlands, Lithuania, Portugal, Austria, Poland, Norway.<\/p>\n<p><strong>Local partner:<\/strong> Harghita County Council<\/p>\n<p>The main objective of the project: Fostering cultural creativity in the European cities.<\/p>\n<p>In the course of the project period there was a series of activities aiming to urge creativity in the participant cities.<\/p>\n<p>Year by year, new participants and locations joined the largest artistic project in which Harghita County has been involved.<\/p>\n<p>The activities of the project included international conferences, worshops, internship programs, international consultancy, local and international exhibitions hosted by various galleries as well as public spaces.<\/p>\n<p>During the five years of the project period there was a large number of beneficiaries who took part in various local and international activities.<\/p>\n<p>L\u00e1szl\u00f3 Bot\u00e1r, a colleague of the Cultural Center of Harghita County, was the artistic consultant and coordinator of the project in Harghita county.<\/p>\n<p>More about the project: <a href=\"http:\/\/www.creart-eu.org\/about-us\">http:\/\/www.creart-eu.org\/about-us<\/a>[\/vc_column_text][\/vc_tta_section][vc_tta_section title=&#8221;Promotion of Miercurea Ciuc Early Music Festival&#8221; tab_id=&#8221;1520537816496-84124971-90fa&#8221;][vc_single_image image=&#8221;807&#8243; img_size=&#8221;full&#8221;][vc_column_text]\n<h3>The name of the project: Promotion of the Early Music Festival<\/h3>\n<p>Project administrator: Harghita County Council<\/p>\n<p>The project was supported by the <strong>The Regional Operational Programme<\/strong><\/p>\n<p>Priority axis nr. 5 \u2013 Sustainable developement and promoting tourism<\/p>\n<p>Main Domain of Intervention \u2013 5.3 \u201dPromoting touristic potential and creating the necessary infrastructure to increase the attractiveness of Romania as a tourist destination\u201d<\/p>\n<p>Project implementation period:<br \/>\n30.09.2011 &#8211; 29.09.2014<\/p>\n<p>Project sustainability period: 30.09.2014\u201330.09.2019<\/p>\n<p><strong>Specific objective of the project: <\/strong><\/p>\n<p>&#8211; Enhancement and development of tourism in Harghita County through supporting the promovation of specific products realized in organizing the Early Music Festival.<\/p>\n<p>&#8211; Increasing the number of tourists visiting Harghita County, through taking part in a multi-ethnic and multicultural event, and assuring alternative attractions to the already existing traditional events.<\/p>\n<p>&#8211; Extending the tourist season through organizing events and assuring an alternative to spend their free time.<\/p>\n<p>To achieve the objectives of the project we realised promotional materials, events and the festival was represented at tourism fairs and exhibitions.<\/p>\n<p>&nbsp;<\/p>\n<h3><a href=\"http:\/\/www.musicaantiqua.ro\/index.php\/en\/\">http:\/\/www.musicaantiqua.ro\/index.php\/en\/<\/a><\/h3>\n<p>[\/vc_column_text][vc_single_image image=&#8221;808&#8243; img_size=&#8221;full&#8221;][\/vc_tta_section][\/vc_tta_tour][\/vc_column][\/vc_row]\n","protected":false},"excerpt":{"rendered":"<p>[vc_row][vc_column][vc_tta_tour][vc_tta_section title=&#8221;EEA Grant Project&#8221; tab_id=&#8221;norvegprojekt&#8221;][vc_single_image image=&#8221;803&#8243; img_size=&#8221;full&#8221; alignment=&#8221;center&#8221;][vc_single_image image=&#8221;378&#8243; img_size=&#8221;medium&#8221; alignment=&#8221;center&#8221;][vc_column_text]The Roma Community from the Perspective of Visual Arts The project targets the social need for enhancing intercultural dialogue and European identity protection by understanding cultural diversity. The project had the goal of raising awareness about these issues through documentary films and photos. The project [&hellip;]<\/p>\n","protected":false},"author":1,"featured_media":0,"parent":0,"menu_order":0,"comment_status":"closed","ping_status":"closed","template":"","meta":[],"_links":{"self":[{"href":"http:\/\/ccenter.ro\/en\/wp-json\/wp\/v2\/pages\/437"}],"collection":[{"href":"http:\/\/ccenter.ro\/en\/wp-json\/wp\/v2\/pages"}],"about":[{"href":"http:\/\/ccenter.ro\/en\/wp-json\/wp\/v2\/types\/page"}],"author":[{"embeddable":true,"href":"http:\/\/ccenter.ro\/en\/wp-json\/wp\/v2\/users\/1"}],"replies":[{"embeddable":true,"href":"http:\/\/ccenter.ro\/en\/wp-json\/wp\/v2\/comments?post=437"}],"version-history":[{"count":21,"href":"http:\/\/ccenter.ro\/en\/wp-json\/wp\/v2\/pages\/437\/revisions"}],"predecessor-version":[{"id":1165,"href":"http:\/\/ccenter.ro\/en\/wp-json\/wp\/v2\/pages\/437\/revisions\/1165"}],"wp:attachment":[{"href":"http:\/\/ccenter.ro\/en\/wp-json\/wp\/v2\/media?parent=437"}],"curies":[{"name":"wp","href":"https:\/\/api.w.org\/{rel}","templated":true}]}}