{"id":494,"date":"2018-03-09T02:19:52","date_gmt":"2018-03-08T23:19:52","guid":{"rendered":"http:\/\/ccenter.ro\/en\/?page_id=494"},"modified":"2020-12-07T00:03:24","modified_gmt":"2020-12-06T21:03:24","slug":"partnerek","status":"publish","type":"page","link":"http:\/\/ccenter.ro\/en\/partnerek\/","title":{"rendered":"Partners"},"content":{"rendered":"<p>[vc_row][vc_column][vc_column_text]\n<div class=\"page__content\">\n<div class=\"vc_row wpb_row vc_row-fluid\">\n<div class=\"wpb_column vc_column_container vc_col-sm-12\">\n<div class=\"vc_column-inner \">\n<div class=\"wpb_wrapper\">\n<div class=\"wpb_text_column wpb_content_element \">\n<div class=\"wpb_wrapper\">\n<p>Sustainer<\/p>\n<p><a href=\"https:\/\/hargitamegye.ro\/\">Harghita County Council<\/a><\/p>\n<p>Partner institutions<\/p>\n<p><a href=\"https:\/\/hagyomany.ro\/\">Center of Traditional Culture-Preservation Harghita County&nbsp;<\/a><br \/>\n<a href=\"https:\/\/www.facebook.com\/KulturalisKozpont\/\">Cultural and Art Center of L\u0103zarea<\/a><br \/>\n<a href=\"http:\/\/nepiskola.ro\/\">\u0218coala Popular\u0103 de Art\u0103 \u015fi Meserii V\u00e1mszer G\u00e9za<\/a><br \/>\n<a href=\"http:\/\/konyvtar.hargitamegye.ro\/\">Biblioteca Jude\u021bean\u0103 \u201eK\u00e1joni J\u00e1nos\u201d<\/a><br \/>\n<a href=\"http:\/\/www.hargitakiado.ro\/\">Editura \u201eHargita\u201d<\/a><br \/>\n<a href=\"https:\/\/hargitanepe.eu\/\">Editura \u201eHargita N\u00e9pe\u201d<\/a><br \/>\n<a href=\"https:\/\/www.facebook.com\/Megyehaza.Galeria\/\">Galeria de Art\u0103 a Consiliului Jude\u021bean Harghita<\/a><\/p>\n<p>Partners<br \/>\n<a href=\"http:\/\/www.accioncultural.es\">Acci\u00f3n Cultural Espa\u00f1ola (AC\/E)<\/a><br \/>\n<a href=\"https:\/\/alcsik-eu.webnode.hu\/\">Asocia\u021bia de dezvoltare microregional\u0103 \u201cAlcs\u00edk\u201d<\/a><br \/>\nAsocia\u021bia Amabile<br \/>\n<a href=\"http:\/\/tabara-medievala.ro\/despre-noi\/\">Asoci\u021bia Antiqua<\/a><br \/>\n<a href=\"http:\/\/ccd.eduhr.ro\/\">Casa Corpului Didactic \u201eAp\u00e1czai Csere J\u00e1nos\u201d<\/a><br \/>\n<a href=\"http:\/\/www.aradat.ro\/\">Asocia\u021bia \u00c1radat<\/a><br \/>\n<a href=\"https:\/\/www.facebook.com\/szentmikloskamaraegyuttes\/\">Asocia\u021bia Ansamblul de Camer\u0103 \u201eSzent Mikl\u00f3s\u201d<\/a><br \/>\nAsocia\u021bia Atheneum<br \/>\n<a href=\"http:\/\/www.bukarest.balassiintezet.hu\/ro\/\">Institutul Balassi \u2013 Institutul Maghiar din Bucure\u015fti<\/a><br \/>\n<a href=\"http:\/\/www.sepsiszentgyorgy.balassiintezet.hu\/\">Institutul Balassi Institutul Cultural al Republicii Ungare Bucure\u015fti \u2013 sucursala Sf\u00e2ntu Gheorghe<\/a><br \/>\n<a href=\"http:\/\/www.bgazrt.hu\/\">Fondul Bethlen G\u00e1bor<\/a><br \/>\n<a href=\"http:\/\/www.kmkt.ro\/\">Biblioteca Jude\u0163ean\u0103 Bod P\u00e9ter<\/a><br \/>\nCasa de Cultur\u0103 a ora\u015fului Borsec<br \/>\n<a href=\"http:\/\/earlymusic.ro\/\">Festivalul de Muzic\u0103 Veche Bucure\u015fti<\/a><br \/>\n<a href=\"https:\/\/centrulculturaltoplita.ro\/rapsodia-calimanilor\/\">Centrul Cultral Topli\u0163a \u2013 Ansamblul Rapsodia C\u0103limanilor <\/a><br \/>\n<a href=\"http:\/\/www.communitas.ro\/\">Funda\u021bia Communitas<\/a><br \/>\n<a href=\"https:\/\/www.facebook.com\/ConcertoSpiralis\/\">Asocia\u0163ia Cultural\u0103 Concerto Spiralis<\/a><br \/>\n<a href=\"https:\/\/www.facebook.com\/cstkcsikszereda\/?__tn__=kCH-R&amp;eid=ARCXI_q_C662O8vKQ92opPQlwR-\">Comunitatea elevilor \u0219i studen\u021bilor ceang\u0103i din Miercurea Ciuc<\/a><br \/>\n<a href=\"http:\/\/csikianyak.ma\/\">Asociatia Cs\u00edki Any\u00e1k Egyes\u00fclete<\/a><br \/>\n<a href=\"http:\/\/www.csikijatekszin.ro\/\">Teatrul Municipal&nbsp; \u201eCs\u00edki J\u00e1t\u00e9ksz\u00edn\u201d<\/a><br \/>\n<a href=\"https:\/\/www.facebook.com\/csikikamara\/\">Orchestra de Camer\u0103 Ciuc<\/a><br \/>\n<a href=\"http:\/\/www.csikimuzeum.ro\/index.php?l=ro&amp;m=&amp;sm=\">Muzeul Secuiesc al Ciucului<\/a><br \/>\nAsocia\u021bia Cs\u00edkszentkir\u00e1ly\u00e9rt<br \/>\n<a href=\"http:\/\/www.szereda.ro\/#!ro\">Prim\u0103ria Municipiului Miercurea Ciuc<\/a><br \/>\nAsocia\u0163ia Cultura Nostra<br \/>\nAsocia\u021bia \u201eDomokos P\u00e1l P\u00e9ter\u201d<br \/>\n<a href=\"https:\/\/bernady.ro\/\">Funda\u021bia Cultural\u0103 \u201eDr. Bern\u00e1dy Gy\u00f6rgy\u201d<\/a><br \/>\n<a href=\"http:\/\/www.kormany.hu\/hu\/emberi-eroforrasok-miniszteriuma\">Ministerul Resurselor Umane \u2013 Ungaria<\/a><br \/>\n<a href=\"http:\/\/www.fotomuzeum.eu\/\">Asociatia Pentru Muzeul Fotografiei din Transilvania<\/a><br \/>\n<a href=\"https:\/\/www.emke.ro\/\">Societatea Maghiar\u0103 de Cultur\u0103 din Transilvania<\/a><br \/>\n<a href=\"http:\/\/www.honterusgemeinde.ro\/ro\/\">Biserica Neagr\u0103 \u2013 Bra\u0219ov<\/a><br \/>\n<a href=\"http:\/\/figura.ro\/\">Teatrul Figura Studio Gheorgheni<\/a><br \/>\n<a href=\"https:\/\/www.forumarte.ro\/\">Funda\u021bia ForumARTE<\/a><br \/>\n<a href=\"https:\/\/rogardenproiect.wordpress.com\/\">Garden Proiect<\/a><br \/>\n<a href=\"http:\/\/www.georgius.ro\/\">Asocia\u0163ia Georgius<\/a><br \/>\n<a href=\"http:\/\/gyvk.ro\/\">Biblioteca Municipal\u0103 Gheorgheni<\/a><br \/>\n<a href=\"http:\/\/www.hagyomanyokhaza.hu\/\">Casa Tradi\u021biilor \u2013 Budapesta<\/a><br \/>\n<a href=\"http:\/\/www.perlaharghitei.ro\/\">SC Perla Harghitei SRL<\/a><br \/>\n<a href=\"https:\/\/adehar.ro\/hu\">Asocia\u0163ia de Dezvoltare Intercomunitar\u0103 Harghita<\/a><br \/>\n<a href=\"http:\/\/www.salvamontharghita.ro\/ro\">Serviciul Public Salvamont al Consiliului Jude\u0163ean Harghita<\/a><br \/>\nDirec\u0163ia Jude\u0163ean\u0103 pentru Cultur\u0103 \u015fi Patrimoniul Na\u0163ional Harghita<br \/>\n<a href=\"https:\/\/cjrae.eduhr.ro\/index.php\/hu\/\">Centrul Jude\u021bean de Resurse \u0219i Asisten\u021b\u0103 Educa\u021bional\u0103 Harghita (CJRAE)<\/a><br \/>\n<a href=\"http:\/\/www.dgaspchr.ro\/\">Direc\u0163ia General\u0103 de Asisten\u0163\u0103 Social\u0103 \u015fi Protec\u0163ia Copilului Harghita<\/a><br \/>\n<a href=\"https:\/\/hargitatanc.ro\/\">Ansamblul Na\u0163ional Secuiesc Harghita<\/a><br \/>\n<a href=\"http:\/\/cc-hdu.blogspot.com\/\">Centrul Cultural H.D.U.<\/a><br \/>\n<a href=\"http:\/\/www.heinekenromania.ro\/\">Heineken Rom\u00e2nia S.A.<\/a><br \/>\n<a href=\"http:\/\/www.szeben.ro\/\">Asocia\u0163ia Maghiarilor din Sibiu \u2013 HID<\/a><br \/>\n<a href=\"http:\/\/www.hunguest-fenyo.ro\/ro\/\">Hunguest Hotel Feny\u0151<\/a><br \/>\n<a href=\"http:\/\/www.kamintezet.ro\/\">Grupul de Antropologie Comunica\u0163ional\u0103<\/a><br \/>\n<a href=\"https:\/\/www.facebook.com\/cseperedokcsaladifesztival\/\">Asocia\u021bia K\u0151ket\u00e1nc<\/a><br \/>\n<a href=\"http:\/\/www.cultcov.ro\/\">Centrul de Cultur\u0103 al Jude\u0163ului Covasna<\/a><br \/>\n<a href=\"http:\/\/www.kriterionfoundation.ro\/\">Funda\u0163ia \u201eKriterion<\/a>\u201d<br \/>\n<a href=\"http:\/\/www.cultura.ro\/culturaro\">Ministerul Cultural \u015fi Partimoniului Na\u0163ional<\/a><br \/>\n<a href=\"https:\/\/www.facebook.com\/Lux.Aurumque.Kamarakorus\/\">Corul de camer\u0103 Lux Aurumque<\/a><br \/>\nBiserica Catolic\u0103 din Siculeni<br \/>\n<a href=\"http:\/\/mkke.hu\/\">Hungarian Publishers and Booksellers Association<\/a><br \/>\n<a href=\"https:\/\/csikszereda.mfa.gov.hu\/\">Consulatul General al Ungariei la Miercurea Ciuc<\/a><br \/>\n<a href=\"http:\/\/www.mag.ro\/index.php?l=ro\">Colegiul Na\u0163ional \u201eM\u00e1rton \u00c1ron\u201d<\/a><br \/>\nParohia Romano Catolice din Media\u0219<br \/>\n<a href=\"https:\/\/www.facebook.com\/csikimenomano\/\">Asocia\u021bia Men\u0151 Man\u00f3<\/a><br \/>\n<a href=\"https:\/\/udvarhely.info\/muvelodesi-haz\/\">Casa de Cultur\u0103 Municipal\u0103, Odorheiu Secuiesc<\/a><br \/>\n<a href=\"http:\/\/licartnagyistvan.ro\/\">Liceul de Arte \u201eNagy Istv\u00e1n\u201d<\/a><br \/>\n<a href=\"https:\/\/www.oneworld.ro\/ro\">Asocia\u021bia One World Rom\u00e2nia<\/a><br \/>\n<a href=\"http:\/\/www.partiumalapitvany.eu\/\">Funda\u021bia Partium<\/a><br \/>\nCafeneaua Pet\u0151fi<br \/>\nAsocia\u0163ia P\u00f6rgetty\u0171 Casa Jocurilor Populare<br \/>\nGaleria Pro Art \u2013 Gheorgheni<br \/>\nA.D.I. Pro Cultura Siculi<br \/>\n<a href=\"http:\/\/proeducatione.ro\/\">Asocia\u0163ia Pro Educa\u0163ione<\/a><br \/>\n<a href=\"http:\/\/www.icr.ro\/\">Institutul Cultural Rom\u00e2n<\/a><br \/>\n<a href=\"http:\/\/cnc.gov.ro\/\">Centrul Na\u021bional al Cinematografiei<\/a><br \/>\n<a href=\"http:\/\/www.dri.gov.ro\/\">Guvernul Rom\u00e2niei \u2013 Departamentul Pentru Rela\u0163ii Interetnice<\/a><\/p>\n<p>Bresla c\u0103r\u021bii maghiare din Rom\u00e2nia<br \/>\n<a href=\"https:\/\/www.facebook.com\/RomaniaiMagyarNepmuveszetiSzovetseg\/\">Uniunea Arti\u015ftilor Populari Maghiari din Rom\u00e2nia<\/a><br \/>\n<a href=\"http:\/\/rmpsz.ro\/\">Uniunea Cadrelor Didactice Maghiare din Rom\u00e2nia<\/a><br \/>\n<a href=\"https:\/\/irodalmikor.wordpress.com\/\">Cenaclul Literar Salamon Ern\u0151, Gheorgheni<\/a><br \/>\n<a href=\"http:\/\/www.sapientia.ro\/\">Univeritatea Sapientia<\/a><br \/>\n<a href=\"http:\/\/pipe-organs.com\/ro\/despre-noi\/\">SC COT SRL <\/a><br \/>\n<a href=\"http:\/\/www.sec.ro\/\">Funda\u0163ia Centrul Educa\u0163ional Spektrum<\/a><br \/>\n<a href=\"http:\/\/filharmonia.ro\/ro\/\">Filarmonica \u021ainutului Secuiesc<\/a><br \/>\n<a href=\"https:\/\/www.facebook.com\/Udvarhely-N%C3%A9pt%C3%A1ncm%C5%B1hely-1614206298859042\/\">Trupa de Dans \u201eUdvarhely N\u00e9pt\u00e1ncm\u0171hely\u201d Odorheiu Secuiesc<\/a><br \/>\nAsocia\u0163ia Viscol<br \/>\n<a href=\"https:\/\/szentagoston.ro\/\">Parohia Szent \u00c1goston din Miercurea Ciuc<\/a><br \/>\nParohia Romano-Catolic\u0103 Sf\u00e2nta Cruce din Miercurea Ciuc<br \/>\n<a href=\"https:\/\/www.fili.ro\/\">Filarmonica de Copii din Vl\u0103hi\u0163a<\/a><br \/>\n<a href=\"http:\/\/szinhaz.ro\/\">Teatrul Tomcsa S\u00e1ndor<\/a><br \/>\n<a href=\"https:\/\/www.facebook.com\/csikunit\/\">Parohia Unitarian\u0103 din Miercurea Ciuc<\/a><\/p>\n<p>Local mayor`s offices of Harghita county<br \/>\nFolk groups of Harghita county<\/p>\n<\/div>\n<\/div>\n<\/div>\n<\/div>\n<\/div>\n<\/div>\n<\/div>\n<p>[\/vc_column_text][\/vc_column][\/vc_row]\n","protected":false},"excerpt":{"rendered":"<p>[vc_row][vc_column][vc_column_text] Sustainer Harghita County Council Partner institutions Center of Traditional Culture-Preservation Harghita County&nbsp; Cultural and Art Center of L\u0103zarea \u0218coala Popular\u0103 de Art\u0103 \u015fi Meserii V\u00e1mszer G\u00e9za Biblioteca Jude\u021bean\u0103 \u201eK\u00e1joni J\u00e1nos\u201d Editura \u201eHargita\u201d Editura \u201eHargita N\u00e9pe\u201d Galeria de Art\u0103 a Consiliului Jude\u021bean Harghita Partners Acci\u00f3n Cultural Espa\u00f1ola (AC\/E) Asocia\u021bia de dezvoltare microregional\u0103 \u201cAlcs\u00edk\u201d Asocia\u021bia Amabile [&hellip;]<\/p>\n","protected":false},"author":1,"featured_media":0,"parent":0,"menu_order":0,"comment_status":"closed","ping_status":"closed","template":"page-templates\/sidebar-right.php","meta":[],"_links":{"self":[{"href":"http:\/\/ccenter.ro\/en\/wp-json\/wp\/v2\/pages\/494"}],"collection":[{"href":"http:\/\/ccenter.ro\/en\/wp-json\/wp\/v2\/pages"}],"about":[{"href":"http:\/\/ccenter.ro\/en\/wp-json\/wp\/v2\/types\/page"}],"author":[{"embeddable":true,"href":"http:\/\/ccenter.ro\/en\/wp-json\/wp\/v2\/users\/1"}],"replies":[{"embeddable":true,"href":"http:\/\/ccenter.ro\/en\/wp-json\/wp\/v2\/comments?post=494"}],"version-history":[{"count":5,"href":"http:\/\/ccenter.ro\/en\/wp-json\/wp\/v2\/pages\/494\/revisions"}],"predecessor-version":[{"id":1164,"href":"http:\/\/ccenter.ro\/en\/wp-json\/wp\/v2\/pages\/494\/revisions\/1164"}],"wp:attachment":[{"href":"http:\/\/ccenter.ro\/en\/wp-json\/wp\/v2\/media?parent=494"}],"curies":[{"name":"wp","href":"https:\/\/api.w.org\/{rel}","templated":true}]}}