{"id":756,"date":"2019-02-17T09:09:35","date_gmt":"2019-02-17T06:09:35","guid":{"rendered":"http:\/\/ccenter.ro\/en\/?page_id=756"},"modified":"2019-03-07T10:40:56","modified_gmt":"2019-03-07T07:40:56","slug":"csango-programok","status":"publish","type":"page","link":"http:\/\/ccenter.ro\/en\/csango-programok\/","title":{"rendered":"Programs dedicated to the Cs\u00e1ng\u00f3 culture"},"content":{"rendered":"<p>[vc_section][\/vc_section][vc_row][vc_column width=&#8221;2\/3&#8243;][vc_column_text]The Cs\u00e1ng\u00f3s are one of the best examples of the beneficial effects of cultural diversity. This ethnic group has for centuries been living isolated from other areas, where Hungarian is spoken, in an area with a Romanian majority. Our programs and colaborations are dedicated to promote the diversity of the Cs\u00e1ng\u00f3 culture. They include the<br \/>\nGyimes Dance Camp, \u201dTatros forr\u00e1s\u00e1n\u00e1l\u201d (At the Source of the Tatros) Festival, cultural days of Co\u0219nea and other programs, such as the Ceangos\u2019 Day in Miercurea Ciuc.[\/vc_column_text][\/vc_column][vc_column width=&#8221;1\/3&#8243;][vc_gallery type=&#8221;image_grid&#8221; images=&#8221;757,758,759&#8243;][\/vc_column][\/vc_row]\n","protected":false},"excerpt":{"rendered":"<p>[vc_section][\/vc_section][vc_row][vc_column width=&#8221;2\/3&#8243;][vc_column_text]The Cs\u00e1ng\u00f3s are one of the best examples of the beneficial effects of cultural diversity. This ethnic group has for centuries been living isolated from other areas, where Hungarian is spoken, in an area with a Romanian majority. Our programs and colaborations are dedicated to promote the diversity of the Cs\u00e1ng\u00f3 culture. They include [&hellip;]<\/p>\n","protected":false},"author":1,"featured_media":0,"parent":0,"menu_order":0,"comment_status":"closed","ping_status":"closed","template":"page-templates\/narrow.php","meta":[],"_links":{"self":[{"href":"http:\/\/ccenter.ro\/en\/wp-json\/wp\/v2\/pages\/756"}],"collection":[{"href":"http:\/\/ccenter.ro\/en\/wp-json\/wp\/v2\/pages"}],"about":[{"href":"http:\/\/ccenter.ro\/en\/wp-json\/wp\/v2\/types\/page"}],"author":[{"embeddable":true,"href":"http:\/\/ccenter.ro\/en\/wp-json\/wp\/v2\/users\/1"}],"replies":[{"embeddable":true,"href":"http:\/\/ccenter.ro\/en\/wp-json\/wp\/v2\/comments?post=756"}],"version-history":[{"count":3,"href":"http:\/\/ccenter.ro\/en\/wp-json\/wp\/v2\/pages\/756\/revisions"}],"predecessor-version":[{"id":1044,"href":"http:\/\/ccenter.ro\/en\/wp-json\/wp\/v2\/pages\/756\/revisions\/1044"}],"wp:attachment":[{"href":"http:\/\/ccenter.ro\/en\/wp-json\/wp\/v2\/media?parent=756"}],"curies":[{"name":"wp","href":"https:\/\/api.w.org\/{rel}","templated":true}]}}